{"id":6246,"date":"2016-07-27T08:39:48","date_gmt":"2016-07-27T09:08:43","guid":{"rendered":"http:\/\/localhost\/jm2\/product\/canula-vaginal-verystrong-blanca\/?lang=ca"},"modified":"2025-04-23T16:57:49","modified_gmt":"2025-04-23T15:57:49","slug":"canula-corba-verystrong","status":"publish","type":"product","link":"https:\/\/josemestre.com\/ca\/producto\/canula-corba-verystrong\/","title":{"rendered":"C\u00c0NULA DE PL\u00c0STIC CORBA &#8220;VERYSTRONG&#8221;"},"content":{"rendered":"","protected":false},"excerpt":{"rendered":"<p>C\u00e0nula de pl\u00e0stic.<\/p>\n<p>Venda per unitats.<\/p>\n","protected":false},"featured_media":19749,"template":"","meta":[],"product_cat":[40,42,45],"product_tag":[1967,1995,1913],"_links":{"self":[{"href":"https:\/\/josemestre.com\/ca\/wp-json\/wp\/v2\/product\/6246"}],"collection":[{"href":"https:\/\/josemestre.com\/ca\/wp-json\/wp\/v2\/product"}],"about":[{"href":"https:\/\/josemestre.com\/ca\/wp-json\/wp\/v2\/types\/product"}],"wp:featuredmedia":[{"embeddable":true,"href":"https:\/\/josemestre.com\/ca\/wp-json\/wp\/v2\/media\/19749"}],"wp:attachment":[{"href":"https:\/\/josemestre.com\/ca\/wp-json\/wp\/v2\/media?parent=6246"}],"wp:term":[{"taxonomy":"product_cat","embeddable":true,"href":"https:\/\/josemestre.com\/ca\/wp-json\/wp\/v2\/product_cat?post=6246"},{"taxonomy":"product_tag","embeddable":true,"href":"https:\/\/josemestre.com\/ca\/wp-json\/wp\/v2\/product_tag?post=6246"}],"curies":[{"name":"wp","href":"https:\/\/api.w.org\/{rel}","templated":true}]}}