{"id":6252,"date":"2016-07-27T08:39:48","date_gmt":"2016-07-27T09:08:43","guid":{"rendered":"http:\/\/localhost\/jm2\/product\/farmaciola-joya-de-plastic-buida-m-1\/?lang=ca"},"modified":"2019-10-24T16:14:49","modified_gmt":"2019-10-24T15:14:49","slug":"farmaciola-joya-de-plastic-buida-m-1","status":"publish","type":"product","link":"https:\/\/josemestre.com\/ca\/producto\/farmaciola-joya-de-plastic-buida-m-1\/","title":{"rendered":"FARMACIOLA \u201cJOYA\u201d DE PL\u00c0STIC M-1 (BUIDA)"},"content":{"rendered":"","protected":false},"excerpt":{"rendered":"<p>Farmaciola port\u00e0til de pl\u00e0stic i buida.<\/p>\n<p>Dimensions: 385 mm x 335 mm x 90 mm.<\/p>\n<p>Venda per unitats.<\/p>\n","protected":false},"featured_media":19710,"template":"","meta":[],"product_cat":[40,53,44],"product_tag":[1965,1966,2014,2012,2013,1922,1923],"_links":{"self":[{"href":"https:\/\/josemestre.com\/ca\/wp-json\/wp\/v2\/product\/6252"}],"collection":[{"href":"https:\/\/josemestre.com\/ca\/wp-json\/wp\/v2\/product"}],"about":[{"href":"https:\/\/josemestre.com\/ca\/wp-json\/wp\/v2\/types\/product"}],"wp:featuredmedia":[{"embeddable":true,"href":"https:\/\/josemestre.com\/ca\/wp-json\/wp\/v2\/media\/19710"}],"wp:attachment":[{"href":"https:\/\/josemestre.com\/ca\/wp-json\/wp\/v2\/media?parent=6252"}],"wp:term":[{"taxonomy":"product_cat","embeddable":true,"href":"https:\/\/josemestre.com\/ca\/wp-json\/wp\/v2\/product_cat?post=6252"},{"taxonomy":"product_tag","embeddable":true,"href":"https:\/\/josemestre.com\/ca\/wp-json\/wp\/v2\/product_tag?post=6252"}],"curies":[{"name":"wp","href":"https:\/\/api.w.org\/{rel}","templated":true}]}}