{"id":6253,"date":"2016-07-27T08:39:48","date_gmt":"2016-07-27T09:08:43","guid":{"rendered":"http:\/\/localhost\/jm2\/product\/farmaciola-joya-de-plastic-plena-m-2\/?lang=ca"},"modified":"2019-10-24T16:13:48","modified_gmt":"2019-10-24T15:13:48","slug":"farmaciola-joya-de-plastic-plena-m-2","status":"publish","type":"product","link":"https:\/\/josemestre.com\/ca\/producto\/farmaciola-joya-de-plastic-plena-m-2\/","title":{"rendered":"FARMACIOLA \u201cJOYA\u201d DE PL\u00c0STIC M-2 (COMPLETA)"},"content":{"rendered":"","protected":false},"excerpt":{"rendered":"<p>Farmaciola port\u00e0til de pl\u00e0stic amb material b\u00e0sic per a primers auxilis en el seu interior.<\/p>\n<p>Dimensions: 305 mm x 240 mm x 75 mm.<\/p>\n<p>Venda per unitats.<\/p>\n<p>Contingut<br \/>\n\u2022 1 Ampolla d\u2019alcohol de 250 cc<br \/>\n\u2022 1 Ampolla d\u2019aigua oxigenada de 250 cc<br \/>\n\u2022 1 Paquets de cot\u00f3 zig-zag de 50 g pur 100%<br \/>\n\u2022 2 Sobres de gasa est\u00e8ril 20 x 20 mm i de 5 uts.<br \/>\n\u2022 1 Tisores m\u00e0nec pl\u00e0stic<br \/>\n\u2022 1 Pinces de 8 cm<br \/>\n\u2022 1 Caixes de tiretes de 10 uts.<br \/>\n\u2022 1 Rotllo d\u2019esparadrap de 5 m x 2,5 cm<br \/>\n\u2022 2 Benes malla de 5 m x 7 cm<br \/>\n\u2022 1 Torniquet de goma<br \/>\n\u2022 1 Parell de guants de l\u00e0tex<\/p>\n","protected":false},"featured_media":19719,"template":"","meta":[],"product_cat":[40,53,44],"product_tag":[1965,1966,2012,2014,2013,1922,1923],"_links":{"self":[{"href":"https:\/\/josemestre.com\/ca\/wp-json\/wp\/v2\/product\/6253"}],"collection":[{"href":"https:\/\/josemestre.com\/ca\/wp-json\/wp\/v2\/product"}],"about":[{"href":"https:\/\/josemestre.com\/ca\/wp-json\/wp\/v2\/types\/product"}],"wp:featuredmedia":[{"embeddable":true,"href":"https:\/\/josemestre.com\/ca\/wp-json\/wp\/v2\/media\/19719"}],"wp:attachment":[{"href":"https:\/\/josemestre.com\/ca\/wp-json\/wp\/v2\/media?parent=6253"}],"wp:term":[{"taxonomy":"product_cat","embeddable":true,"href":"https:\/\/josemestre.com\/ca\/wp-json\/wp\/v2\/product_cat?post=6253"},{"taxonomy":"product_tag","embeddable":true,"href":"https:\/\/josemestre.com\/ca\/wp-json\/wp\/v2\/product_tag?post=6253"}],"curies":[{"name":"wp","href":"https:\/\/api.w.org\/{rel}","templated":true}]}}