{"id":6261,"date":"2016-07-27T08:44:25","date_gmt":"2016-07-27T09:15:02","guid":{"rendered":"http:\/\/localhost\/jm2\/product\/calca-joya-per-a-adult-normal\/?lang=ca"},"modified":"2019-10-24T17:53:48","modified_gmt":"2019-10-24T16:53:48","slug":"calca-joya-per-a-adult-normal","status":"publish","type":"product","link":"https:\/\/josemestre.com\/ca\/producto\/calca-joya-per-a-adult-normal\/","title":{"rendered":"CAL\u00c7A DE PL\u00c0STIC &#8220;JOYA&#8221; PER A ADULT MODEL NORMAL"},"content":{"rendered":"","protected":false},"excerpt":{"rendered":"<p>Calces de pl\u00e0stic el\u00e1stiques per a ajudes amb l&#8217;incontin\u00e8ncia urin\u00e0ria. Talla \u00fanica en color blanc.<\/p>\n<p>Venda per unitats.<\/p>\n<p>&nbsp;<\/p>\n","protected":false},"featured_media":19731,"template":"","meta":[],"product_cat":[40,42,44],"product_tag":[2227,2149,2188,2207],"_links":{"self":[{"href":"https:\/\/josemestre.com\/ca\/wp-json\/wp\/v2\/product\/6261"}],"collection":[{"href":"https:\/\/josemestre.com\/ca\/wp-json\/wp\/v2\/product"}],"about":[{"href":"https:\/\/josemestre.com\/ca\/wp-json\/wp\/v2\/types\/product"}],"wp:featuredmedia":[{"embeddable":true,"href":"https:\/\/josemestre.com\/ca\/wp-json\/wp\/v2\/media\/19731"}],"wp:attachment":[{"href":"https:\/\/josemestre.com\/ca\/wp-json\/wp\/v2\/media?parent=6261"}],"wp:term":[{"taxonomy":"product_cat","embeddable":true,"href":"https:\/\/josemestre.com\/ca\/wp-json\/wp\/v2\/product_cat?post=6261"},{"taxonomy":"product_tag","embeddable":true,"href":"https:\/\/josemestre.com\/ca\/wp-json\/wp\/v2\/product_tag?post=6261"}],"curies":[{"name":"wp","href":"https:\/\/api.w.org\/{rel}","templated":true}]}}