{"id":6319,"date":"2016-07-27T08:48:15","date_gmt":"2016-07-27T09:21:36","guid":{"rendered":"http:\/\/localhost\/jm2\/product\/bena-crepe-4-m-x-5-cm\/?lang=ca"},"modified":"2023-03-28T14:42:01","modified_gmt":"2023-03-28T13:42:01","slug":"benes-crepe","status":"publish","type":"product","link":"https:\/\/josemestre.com\/ca\/producto\/benes-crepe\/","title":{"rendered":"BENES &#8220;JOYA&#8221; CREP\u00c9"},"content":{"rendered":"","protected":false},"excerpt":{"rendered":"<p>VENDA ONLINE NO DISPONIBLE per a les talles:<br \/>\n&#8211; 4 m x 5 cm<br \/>\n&#8211; 4 m x 7 cm<br \/>\n&#8211; 4 m x 10 cm<br \/>\n&#8211; 10 m x 10 cm<\/p>\n<p>Per a adquirir aquest producte, consulti a la seva farm\u00e0cia o ortop\u00e8dia m\u00e9s\u00a0propera.<\/p>\n","protected":false},"featured_media":20432,"template":"","meta":[],"product_cat":[40,47,44],"product_tag":[2251,2250,2169,2170],"_links":{"self":[{"href":"https:\/\/josemestre.com\/ca\/wp-json\/wp\/v2\/product\/6319"}],"collection":[{"href":"https:\/\/josemestre.com\/ca\/wp-json\/wp\/v2\/product"}],"about":[{"href":"https:\/\/josemestre.com\/ca\/wp-json\/wp\/v2\/types\/product"}],"wp:featuredmedia":[{"embeddable":true,"href":"https:\/\/josemestre.com\/ca\/wp-json\/wp\/v2\/media\/20432"}],"wp:attachment":[{"href":"https:\/\/josemestre.com\/ca\/wp-json\/wp\/v2\/media?parent=6319"}],"wp:term":[{"taxonomy":"product_cat","embeddable":true,"href":"https:\/\/josemestre.com\/ca\/wp-json\/wp\/v2\/product_cat?post=6319"},{"taxonomy":"product_tag","embeddable":true,"href":"https:\/\/josemestre.com\/ca\/wp-json\/wp\/v2\/product_tag?post=6319"}],"curies":[{"name":"wp","href":"https:\/\/api.w.org\/{rel}","templated":true}]}}