{"id":6330,"date":"2016-07-27T08:48:15","date_gmt":"2016-07-27T09:21:36","guid":{"rendered":"http:\/\/localhost\/jm2\/product\/pastiller-jm-micro-vermell\/?lang=ca"},"modified":"2019-10-24T17:43:59","modified_gmt":"2019-10-24T16:43:59","slug":"pastiller-jm-micro","status":"publish","type":"product","link":"https:\/\/josemestre.com\/ca\/producto\/pastiller-jm-micro\/","title":{"rendered":"PASTILLER &#8220;JM&#8221; MICRO"},"content":{"rendered":"","protected":false},"excerpt":{"rendered":"<p>Pastiller d&#8217;un departament pensat per penjar-se de la corretja d&#8217;un rellotge o polsera que no sigui superior a 2 cm. Ideal per a un f\u00e0cil i r\u00e0pid acc\u00e9s a una\u00a0p\u00edndola\u00a0o pastilla.<\/p>\n","protected":false},"featured_media":20354,"template":"","meta":[],"product_cat":[40,47,43],"product_tag":[1970,2212,2210,2000,1920],"_links":{"self":[{"href":"https:\/\/josemestre.com\/ca\/wp-json\/wp\/v2\/product\/6330"}],"collection":[{"href":"https:\/\/josemestre.com\/ca\/wp-json\/wp\/v2\/product"}],"about":[{"href":"https:\/\/josemestre.com\/ca\/wp-json\/wp\/v2\/types\/product"}],"wp:featuredmedia":[{"embeddable":true,"href":"https:\/\/josemestre.com\/ca\/wp-json\/wp\/v2\/media\/20354"}],"wp:attachment":[{"href":"https:\/\/josemestre.com\/ca\/wp-json\/wp\/v2\/media?parent=6330"}],"wp:term":[{"taxonomy":"product_cat","embeddable":true,"href":"https:\/\/josemestre.com\/ca\/wp-json\/wp\/v2\/product_cat?post=6330"},{"taxonomy":"product_tag","embeddable":true,"href":"https:\/\/josemestre.com\/ca\/wp-json\/wp\/v2\/product_tag?post=6330"}],"curies":[{"name":"wp","href":"https:\/\/api.w.org\/{rel}","templated":true}]}}