{"id":8143,"date":"2016-08-04T19:26:59","date_gmt":"2016-07-28T15:47:06","guid":{"rendered":"http:\/\/localhost\/jm2\/ca\/product\/flasco-pvc-cilindric-topazi-solucio-capil%c2%b7lar\/"},"modified":"2024-02-26T15:51:31","modified_gmt":"2024-02-26T14:51:31","slug":"flasco-pvc-cilindric-topazi-solucio-capil%c2%b7lar","status":"publish","type":"product","link":"https:\/\/josemestre.com\/ca\/producto\/flasco-pvc-cilindric-topazi-solucio-capil%c2%b7lar\/","title":{"rendered":"FLASC\u00d3 PVC CIL\u00cdNDRIC TOPAZI AMB SERIGRAFIA &#8220;SOLUCI\u00d3 CAPIL\u00b7LAR 2%&#8221;"},"content":{"rendered":"","protected":false},"excerpt":{"rendered":"<h5><em>Els preus inclouen l&#8217;import de l&#8217;Impost Especial sobre envasos de pl\u00e0stic no reutilitzables (llei 7\/2022).<\/em><\/h5>\n<p><strong>Els envasos es venen buits, no contenen el producte serigrafiat.<\/strong><\/p>\n","protected":false},"featured_media":20778,"template":"","meta":[],"product_cat":[130,50,64,65,132,43],"product_tag":[],"_links":{"self":[{"href":"https:\/\/josemestre.com\/ca\/wp-json\/wp\/v2\/product\/8143"}],"collection":[{"href":"https:\/\/josemestre.com\/ca\/wp-json\/wp\/v2\/product"}],"about":[{"href":"https:\/\/josemestre.com\/ca\/wp-json\/wp\/v2\/types\/product"}],"wp:featuredmedia":[{"embeddable":true,"href":"https:\/\/josemestre.com\/ca\/wp-json\/wp\/v2\/media\/20778"}],"wp:attachment":[{"href":"https:\/\/josemestre.com\/ca\/wp-json\/wp\/v2\/media?parent=8143"}],"wp:term":[{"taxonomy":"product_cat","embeddable":true,"href":"https:\/\/josemestre.com\/ca\/wp-json\/wp\/v2\/product_cat?post=8143"},{"taxonomy":"product_tag","embeddable":true,"href":"https:\/\/josemestre.com\/ca\/wp-json\/wp\/v2\/product_tag?post=8143"}],"curies":[{"name":"wp","href":"https:\/\/api.w.org\/{rel}","templated":true}]}}