{"id":8205,"date":"2016-08-04T19:42:51","date_gmt":"2016-07-28T15:53:55","guid":{"rendered":"http:\/\/localhost\/jm2\/ca\/product\/calca-plastic-adult\/"},"modified":"2019-10-24T14:57:24","modified_gmt":"2019-10-24T13:57:24","slug":"calca-plastic-adult","status":"publish","type":"product","link":"https:\/\/josemestre.com\/ca\/producto\/calca-plastic-adult\/","title":{"rendered":"CAL\u00c7A DE PL\u00c0STIC &#8220;JOYA&#8221; PER A ADULT MODEL EXTRA"},"content":{"rendered":"","protected":false},"excerpt":{"rendered":"<p>Calces de pl\u00e0stic per a ajudes amb l&#8217;incontin\u00e8ncia urin\u00e0ria. Disponibles en 3 talles i nom\u00e9s en color blanc.<\/p>\n<p>Venda per unitats.<\/p>\n","protected":false},"featured_media":19728,"template":"","meta":[],"product_cat":[130,40,42,132,44],"product_tag":[],"_links":{"self":[{"href":"https:\/\/josemestre.com\/ca\/wp-json\/wp\/v2\/product\/8205"}],"collection":[{"href":"https:\/\/josemestre.com\/ca\/wp-json\/wp\/v2\/product"}],"about":[{"href":"https:\/\/josemestre.com\/ca\/wp-json\/wp\/v2\/types\/product"}],"wp:featuredmedia":[{"embeddable":true,"href":"https:\/\/josemestre.com\/ca\/wp-json\/wp\/v2\/media\/19728"}],"wp:attachment":[{"href":"https:\/\/josemestre.com\/ca\/wp-json\/wp\/v2\/media?parent=8205"}],"wp:term":[{"taxonomy":"product_cat","embeddable":true,"href":"https:\/\/josemestre.com\/ca\/wp-json\/wp\/v2\/product_cat?post=8205"},{"taxonomy":"product_tag","embeddable":true,"href":"https:\/\/josemestre.com\/ca\/wp-json\/wp\/v2\/product_tag?post=8205"}],"curies":[{"name":"wp","href":"https:\/\/api.w.org\/{rel}","templated":true}]}}