{"id":8267,"date":"2016-08-04T19:55:01","date_gmt":"2016-07-28T16:00:29","guid":{"rendered":"http:\/\/localhost\/jm2\/ca\/product\/faixa-tubular\/"},"modified":"2023-04-13T18:50:25","modified_gmt":"2023-04-13T17:50:25","slug":"faixa-tubular","status":"publish","type":"product","link":"https:\/\/josemestre.com\/ca\/producto\/faixa-tubular\/","title":{"rendered":"FAIXES &#8220;JOYA&#8221; TUBULARS"},"content":{"rendered":"","protected":false},"excerpt":{"rendered":"<p>Faixa el\u00e0stica tubular amb un disseny anat\u00f2mic.<\/p>\n<p>Recomanada per al tractament de dolors abdominals, debilitat muscular, dolors reum\u00e0tics, lumb\u00e0lgies, postoperatoris (segons prescripci\u00f3 m\u00e8dica), etc.<\/p>\n<p>Venda per unitats.<\/p>\n","protected":false},"featured_media":20785,"template":"","meta":[],"product_cat":[130,40,54,113,132,44],"product_tag":[],"_links":{"self":[{"href":"https:\/\/josemestre.com\/ca\/wp-json\/wp\/v2\/product\/8267"}],"collection":[{"href":"https:\/\/josemestre.com\/ca\/wp-json\/wp\/v2\/product"}],"about":[{"href":"https:\/\/josemestre.com\/ca\/wp-json\/wp\/v2\/types\/product"}],"wp:featuredmedia":[{"embeddable":true,"href":"https:\/\/josemestre.com\/ca\/wp-json\/wp\/v2\/media\/20785"}],"wp:attachment":[{"href":"https:\/\/josemestre.com\/ca\/wp-json\/wp\/v2\/media?parent=8267"}],"wp:term":[{"taxonomy":"product_cat","embeddable":true,"href":"https:\/\/josemestre.com\/ca\/wp-json\/wp\/v2\/product_cat?post=8267"},{"taxonomy":"product_tag","embeddable":true,"href":"https:\/\/josemestre.com\/ca\/wp-json\/wp\/v2\/product_tag?post=8267"}],"curies":[{"name":"wp","href":"https:\/\/api.w.org\/{rel}","templated":true}]}}