{"id":8286,"date":"2016-08-04T20:08:15","date_gmt":"2016-07-28T16:00:29","guid":{"rendered":"http:\/\/localhost\/jm2\/ca\/product\/faixa-lumbar\/"},"modified":"2019-10-24T14:57:40","modified_gmt":"2019-10-24T13:57:40","slug":"faixa-lumbar","status":"publish","type":"product","link":"https:\/\/josemestre.com\/ca\/producto\/faixa-lumbar\/","title":{"rendered":"FAIXES &#8220;JOYA&#8221; LUMBARS"},"content":{"rendered":"","protected":false},"excerpt":{"rendered":"<p>Faixa tensoel\u00e0stica amb tancament de Velcro\u00ae ajustable i amb bandes laterals que permeten una major fixaci\u00f3.\u00a0El seu \u00fas \u00e9s per a la protecci\u00f3 de la zona lumbar i l&#8217;alleujament del dolor lumbar, abdominal, reum\u00e0tic\u2026 Tamb\u00e9 recomanada per prevenir lesions durant activitats esportives o dom\u00e8stiques. En color beix.<\/p>\n<p>Venda per unitats.<\/p>\n","protected":false},"featured_media":19880,"template":"","meta":[],"product_cat":[130,40,54,113,132,44],"product_tag":[],"_links":{"self":[{"href":"https:\/\/josemestre.com\/ca\/wp-json\/wp\/v2\/product\/8286"}],"collection":[{"href":"https:\/\/josemestre.com\/ca\/wp-json\/wp\/v2\/product"}],"about":[{"href":"https:\/\/josemestre.com\/ca\/wp-json\/wp\/v2\/types\/product"}],"wp:featuredmedia":[{"embeddable":true,"href":"https:\/\/josemestre.com\/ca\/wp-json\/wp\/v2\/media\/19880"}],"wp:attachment":[{"href":"https:\/\/josemestre.com\/ca\/wp-json\/wp\/v2\/media?parent=8286"}],"wp:term":[{"taxonomy":"product_cat","embeddable":true,"href":"https:\/\/josemestre.com\/ca\/wp-json\/wp\/v2\/product_cat?post=8286"},{"taxonomy":"product_tag","embeddable":true,"href":"https:\/\/josemestre.com\/ca\/wp-json\/wp\/v2\/product_tag?post=8286"}],"curies":[{"name":"wp","href":"https:\/\/api.w.org\/{rel}","templated":true}]}}