{"id":8292,"date":"2016-08-04T20:08:15","date_gmt":"2016-07-28T16:06:53","guid":{"rendered":"http:\/\/localhost\/jm2\/ca\/product\/faixa-velcro\/"},"modified":"2025-07-22T15:16:43","modified_gmt":"2025-07-22T14:16:43","slug":"faixa-velcro","status":"publish","type":"product","link":"https:\/\/josemestre.com\/ca\/producto\/faixa-velcro\/","title":{"rendered":"FAIXES &#8220;JOYA&#8221; AMB VELCRO\u00ae"},"content":{"rendered":"","protected":false},"excerpt":{"rendered":"<p>Faixa el\u00e0stica amb tancament de Velcro\u00ae ajustable.<\/p>\n<p>Recomanada per al tractament de dolors abdominals, debilitat muscular, dolors reum\u00e0tics, lumb\u00e0lgies, postoperatoris (segons prescripci\u00f3 m\u00e8dica), etc.<\/p>\n<p>Venda per unitats.<\/p>\n","protected":false},"featured_media":19877,"template":"","meta":[],"product_cat":[130,40,54,113,132,44],"product_tag":[],"_links":{"self":[{"href":"https:\/\/josemestre.com\/ca\/wp-json\/wp\/v2\/product\/8292"}],"collection":[{"href":"https:\/\/josemestre.com\/ca\/wp-json\/wp\/v2\/product"}],"about":[{"href":"https:\/\/josemestre.com\/ca\/wp-json\/wp\/v2\/types\/product"}],"wp:featuredmedia":[{"embeddable":true,"href":"https:\/\/josemestre.com\/ca\/wp-json\/wp\/v2\/media\/19877"}],"wp:attachment":[{"href":"https:\/\/josemestre.com\/ca\/wp-json\/wp\/v2\/media?parent=8292"}],"wp:term":[{"taxonomy":"product_cat","embeddable":true,"href":"https:\/\/josemestre.com\/ca\/wp-json\/wp\/v2\/product_cat?post=8292"},{"taxonomy":"product_tag","embeddable":true,"href":"https:\/\/josemestre.com\/ca\/wp-json\/wp\/v2\/product_tag?post=8292"}],"curies":[{"name":"wp","href":"https:\/\/api.w.org\/{rel}","templated":true}]}}