{"id":8306,"date":"2016-08-04T20:08:15","date_gmt":"2016-07-28T16:06:53","guid":{"rendered":"http:\/\/localhost\/jm2\/ca\/product\/mitja-extra-llarga\/"},"modified":"2022-08-09T17:46:40","modified_gmt":"2022-08-09T16:46:40","slug":"mitja-extra-llarga","status":"publish","type":"product","link":"https:\/\/josemestre.com\/ca\/producto\/mitja-extra-llarga\/","title":{"rendered":"MITGES &#8220;JOYA&#8221; EXTRA LLARGUES"},"content":{"rendered":"","protected":false},"excerpt":{"rendered":"<p>Mitja ortop\u00e8dica terap\u00e8utica amb un disseny anat\u00f2mic i sense puntera. La mitja llarga va des de la cuixa fins al peu. En color beix.<\/p>\n<p>Nom\u00e9s es poden comprar online mitges amb compressi\u00f3 normal.<\/p>\n<p>Venda per unitats.<\/p>\n<p>&nbsp;<\/p>\n","protected":false},"featured_media":22996,"template":"","meta":[],"product_cat":[130,40,54,55,132,44],"product_tag":[],"_links":{"self":[{"href":"https:\/\/josemestre.com\/ca\/wp-json\/wp\/v2\/product\/8306"}],"collection":[{"href":"https:\/\/josemestre.com\/ca\/wp-json\/wp\/v2\/product"}],"about":[{"href":"https:\/\/josemestre.com\/ca\/wp-json\/wp\/v2\/types\/product"}],"wp:featuredmedia":[{"embeddable":true,"href":"https:\/\/josemestre.com\/ca\/wp-json\/wp\/v2\/media\/22996"}],"wp:attachment":[{"href":"https:\/\/josemestre.com\/ca\/wp-json\/wp\/v2\/media?parent=8306"}],"wp:term":[{"taxonomy":"product_cat","embeddable":true,"href":"https:\/\/josemestre.com\/ca\/wp-json\/wp\/v2\/product_cat?post=8306"},{"taxonomy":"product_tag","embeddable":true,"href":"https:\/\/josemestre.com\/ca\/wp-json\/wp\/v2\/product_tag?post=8306"}],"curies":[{"name":"wp","href":"https:\/\/api.w.org\/{rel}","templated":true}]}}