{"id":8315,"date":"2016-08-04T20:08:15","date_gmt":"2016-07-28T16:06:53","guid":{"rendered":"http:\/\/localhost\/jm2\/ca\/product\/metacarpiana-joya\/"},"modified":"2023-04-14T07:34:23","modified_gmt":"2023-04-14T06:34:23","slug":"metacarpiana-joya","status":"publish","type":"product","link":"https:\/\/josemestre.com\/ca\/producto\/metacarpiana-joya\/","title":{"rendered":"CANELLERES METACARPIANES &#8220;JOYA&#8221;"},"content":{"rendered":"","protected":false},"excerpt":{"rendered":"<p>Canellera metacarpiana el\u00e0stica amb un disseny anat\u00f2mic.<\/p>\n<p>La metacarpiana \u201cJoya\u201d est\u00e1 indicada per al tractament de tendinitis, dolors i dislocacions de canell. Permet una efica\u00e7 subjecci\u00f3 a la zona afectada, adaptant-se al moviment.<\/p>\n<p>En color beix.<\/p>\n<p>Venda per unitats.<\/p>\n","protected":false},"featured_media":19901,"template":"","meta":[],"product_cat":[130,40,54,60,132,44],"product_tag":[],"_links":{"self":[{"href":"https:\/\/josemestre.com\/ca\/wp-json\/wp\/v2\/product\/8315"}],"collection":[{"href":"https:\/\/josemestre.com\/ca\/wp-json\/wp\/v2\/product"}],"about":[{"href":"https:\/\/josemestre.com\/ca\/wp-json\/wp\/v2\/types\/product"}],"wp:featuredmedia":[{"embeddable":true,"href":"https:\/\/josemestre.com\/ca\/wp-json\/wp\/v2\/media\/19901"}],"wp:attachment":[{"href":"https:\/\/josemestre.com\/ca\/wp-json\/wp\/v2\/media?parent=8315"}],"wp:term":[{"taxonomy":"product_cat","embeddable":true,"href":"https:\/\/josemestre.com\/ca\/wp-json\/wp\/v2\/product_cat?post=8315"},{"taxonomy":"product_tag","embeddable":true,"href":"https:\/\/josemestre.com\/ca\/wp-json\/wp\/v2\/product_tag?post=8315"}],"curies":[{"name":"wp","href":"https:\/\/api.w.org\/{rel}","templated":true}]}}