{"id":8340,"date":"2016-08-04T20:21:43","date_gmt":"2016-07-28T16:13:39","guid":{"rendered":"http:\/\/localhost\/jm2\/ca\/product\/metacarpiana-verystrong\/"},"modified":"2022-08-12T10:32:30","modified_gmt":"2022-08-12T09:32:30","slug":"metacarpiana-verystrong","status":"publish","type":"product","link":"https:\/\/josemestre.com\/ca\/producto\/metacarpiana-verystrong\/","title":{"rendered":"CANELLERES METACARPIANES &#8220;VERYSTRONG&#8221;"},"content":{"rendered":"","protected":false},"excerpt":{"rendered":"<p>Canellera metacarpiana el\u00e0stica amb un disseny anat\u00f2mic. Apropiada per a esquin\u00e7os, tendinitis en extensors-flexors, lesions d&#8217;escafoides, tor\u00e7ades, dislocacions del canell\u2026 Tamb\u00e9 recomanada per prevenir lesions durant activitats esportives o dom\u00e8stiques. En color beix.<\/p>\n<p>Venda per unitats.<\/p>\n","protected":false},"featured_media":19928,"template":"","meta":[],"product_cat":[130,40,54,60,132,45],"product_tag":[],"_links":{"self":[{"href":"https:\/\/josemestre.com\/ca\/wp-json\/wp\/v2\/product\/8340"}],"collection":[{"href":"https:\/\/josemestre.com\/ca\/wp-json\/wp\/v2\/product"}],"about":[{"href":"https:\/\/josemestre.com\/ca\/wp-json\/wp\/v2\/types\/product"}],"wp:featuredmedia":[{"embeddable":true,"href":"https:\/\/josemestre.com\/ca\/wp-json\/wp\/v2\/media\/19928"}],"wp:attachment":[{"href":"https:\/\/josemestre.com\/ca\/wp-json\/wp\/v2\/media?parent=8340"}],"wp:term":[{"taxonomy":"product_cat","embeddable":true,"href":"https:\/\/josemestre.com\/ca\/wp-json\/wp\/v2\/product_cat?post=8340"},{"taxonomy":"product_tag","embeddable":true,"href":"https:\/\/josemestre.com\/ca\/wp-json\/wp\/v2\/product_tag?post=8340"}],"curies":[{"name":"wp","href":"https:\/\/api.w.org\/{rel}","templated":true}]}}