{"id":8347,"date":"2016-08-04T20:21:43","date_gmt":"2016-07-28T16:13:39","guid":{"rendered":"http:\/\/localhost\/jm2\/ca\/product\/cuixera-joya-elastic\/"},"modified":"2024-01-09T16:56:22","modified_gmt":"2024-01-09T15:56:22","slug":"cuixera-joya-elastic","status":"publish","type":"product","link":"https:\/\/josemestre.com\/ca\/producto\/cuixera-joya-elastic\/","title":{"rendered":"CUIXERES &#8220;JOYA ELASTIC&#8221;"},"content":{"rendered":"","protected":false},"excerpt":{"rendered":"<p>Cuixera el\u00e0stica amb un disseny anat\u00f2mic. Apropiada per a dolors musculars, lesions de la cuixa, rehabilitacions despr\u00e9s d&#8217;una lesi\u00f3 muscular&#8230; Tamb\u00e9 recomanada per prevenir lesions durant activitats esportives o dom\u00e8stiques. En color beix.<\/p>\n<p>Venda per unitats.<\/p>\n","protected":false},"featured_media":20012,"template":"","meta":[],"product_cat":[130,40,54,62,132,44],"product_tag":[],"_links":{"self":[{"href":"https:\/\/josemestre.com\/ca\/wp-json\/wp\/v2\/product\/8347"}],"collection":[{"href":"https:\/\/josemestre.com\/ca\/wp-json\/wp\/v2\/product"}],"about":[{"href":"https:\/\/josemestre.com\/ca\/wp-json\/wp\/v2\/types\/product"}],"wp:featuredmedia":[{"embeddable":true,"href":"https:\/\/josemestre.com\/ca\/wp-json\/wp\/v2\/media\/20012"}],"wp:attachment":[{"href":"https:\/\/josemestre.com\/ca\/wp-json\/wp\/v2\/media?parent=8347"}],"wp:term":[{"taxonomy":"product_cat","embeddable":true,"href":"https:\/\/josemestre.com\/ca\/wp-json\/wp\/v2\/product_cat?post=8347"},{"taxonomy":"product_tag","embeddable":true,"href":"https:\/\/josemestre.com\/ca\/wp-json\/wp\/v2\/product_tag?post=8347"}],"curies":[{"name":"wp","href":"https:\/\/api.w.org\/{rel}","templated":true}]}}