{"id":8373,"date":"2016-08-04T20:33:57","date_gmt":"2016-07-28T16:13:39","guid":{"rendered":"http:\/\/localhost\/jm2\/ca\/product\/canellera-joya-elastic\/"},"modified":"2023-04-13T18:29:00","modified_gmt":"2023-04-13T17:29:00","slug":"canellera-joya-elastic","status":"publish","type":"product","link":"https:\/\/josemestre.com\/ca\/producto\/canellera-joya-elastic\/","title":{"rendered":"CANELLERES &#8220;JOYA ELASTIC&#8221;"},"content":{"rendered":"","protected":false},"excerpt":{"rendered":"<p>Canellera el\u00e0stica amb un disseny anat\u00f2mic. Apropiada per a esquin\u00e7os, tendinitis, tor\u00e7ades, dislocacions del canell \u2026<\/p>\n<p>En color beix.<\/p>\n<p>Venda per unitats.<\/p>\n","protected":false},"featured_media":19940,"template":"","meta":[],"product_cat":[130,40,54,60,132,44],"product_tag":[],"_links":{"self":[{"href":"https:\/\/josemestre.com\/ca\/wp-json\/wp\/v2\/product\/8373"}],"collection":[{"href":"https:\/\/josemestre.com\/ca\/wp-json\/wp\/v2\/product"}],"about":[{"href":"https:\/\/josemestre.com\/ca\/wp-json\/wp\/v2\/types\/product"}],"wp:featuredmedia":[{"embeddable":true,"href":"https:\/\/josemestre.com\/ca\/wp-json\/wp\/v2\/media\/19940"}],"wp:attachment":[{"href":"https:\/\/josemestre.com\/ca\/wp-json\/wp\/v2\/media?parent=8373"}],"wp:term":[{"taxonomy":"product_cat","embeddable":true,"href":"https:\/\/josemestre.com\/ca\/wp-json\/wp\/v2\/product_cat?post=8373"},{"taxonomy":"product_tag","embeddable":true,"href":"https:\/\/josemestre.com\/ca\/wp-json\/wp\/v2\/product_tag?post=8373"}],"curies":[{"name":"wp","href":"https:\/\/api.w.org\/{rel}","templated":true}]}}