{"id":8445,"date":"2016-08-04T20:46:47","date_gmt":"2016-07-28T16:27:36","guid":{"rendered":"http:\/\/localhost\/jm2\/ca\/product\/canellera-cuir\/"},"modified":"2019-10-24T15:01:34","modified_gmt":"2019-10-24T14:01:34","slug":"canellera-cuir","status":"publish","type":"product","link":"https:\/\/josemestre.com\/ca\/producto\/canellera-cuir\/","title":{"rendered":"CANELLERES &#8220;VERYSTRONG&#8221; DE CUIR"},"content":{"rendered":"","protected":false},"excerpt":{"rendered":"<p>Canellera de cuir amb un disseny anat\u00f2mic. Apropiada per a esquin\u00e7os, tendinitis, tor\u00e7ades, dislocacions del canell\u2026 Tamb\u00e9 recomanada per prevenir lesions durant activitats esportives o dom\u00e8stiques.<\/p>\n<p>Venda per unitats.<\/p>\n","protected":false},"featured_media":19931,"template":"","meta":[],"product_cat":[130,40,54,60,132,45],"product_tag":[],"_links":{"self":[{"href":"https:\/\/josemestre.com\/ca\/wp-json\/wp\/v2\/product\/8445"}],"collection":[{"href":"https:\/\/josemestre.com\/ca\/wp-json\/wp\/v2\/product"}],"about":[{"href":"https:\/\/josemestre.com\/ca\/wp-json\/wp\/v2\/types\/product"}],"wp:featuredmedia":[{"embeddable":true,"href":"https:\/\/josemestre.com\/ca\/wp-json\/wp\/v2\/media\/19931"}],"wp:attachment":[{"href":"https:\/\/josemestre.com\/ca\/wp-json\/wp\/v2\/media?parent=8445"}],"wp:term":[{"taxonomy":"product_cat","embeddable":true,"href":"https:\/\/josemestre.com\/ca\/wp-json\/wp\/v2\/product_cat?post=8445"},{"taxonomy":"product_tag","embeddable":true,"href":"https:\/\/josemestre.com\/ca\/wp-json\/wp\/v2\/product_tag?post=8445"}],"curies":[{"name":"wp","href":"https:\/\/api.w.org\/{rel}","templated":true}]}}