{"id":8448,"date":"2016-08-04T20:46:47","date_gmt":"2016-07-28T16:27:36","guid":{"rendered":"http:\/\/localhost\/jm2\/ca\/product\/panxellera\/"},"modified":"2022-11-23T13:06:06","modified_gmt":"2022-11-23T12:06:06","slug":"panxellera","status":"publish","type":"product","link":"https:\/\/josemestre.com\/ca\/producto\/panxellera\/","title":{"rendered":"PANXELLERES &#8220;JOYA&#8221;"},"content":{"rendered":"","protected":false},"excerpt":{"rendered":"<p>Panxellera el\u00e0stica amb un disseny anat\u00f2mic. Apropiada per a persones amb tend\u00e8ncia a l&#8217;edema, varicosis secund\u00e0ria, atrofia blanca, dermatoesclerosi, elefantiasis, lleugers s\u00edmptomes de linfoedemes, per a processos de recuperaci\u00f3 d&#8217;\u00falceres greus&#8230; En color beix.<\/p>\n<p>Venda per unitats.<\/p>\n","protected":false},"featured_media":20036,"template":"","meta":[],"product_cat":[130,40,54,114,132,44],"product_tag":[],"_links":{"self":[{"href":"https:\/\/josemestre.com\/ca\/wp-json\/wp\/v2\/product\/8448"}],"collection":[{"href":"https:\/\/josemestre.com\/ca\/wp-json\/wp\/v2\/product"}],"about":[{"href":"https:\/\/josemestre.com\/ca\/wp-json\/wp\/v2\/types\/product"}],"wp:featuredmedia":[{"embeddable":true,"href":"https:\/\/josemestre.com\/ca\/wp-json\/wp\/v2\/media\/20036"}],"wp:attachment":[{"href":"https:\/\/josemestre.com\/ca\/wp-json\/wp\/v2\/media?parent=8448"}],"wp:term":[{"taxonomy":"product_cat","embeddable":true,"href":"https:\/\/josemestre.com\/ca\/wp-json\/wp\/v2\/product_cat?post=8448"},{"taxonomy":"product_tag","embeddable":true,"href":"https:\/\/josemestre.com\/ca\/wp-json\/wp\/v2\/product_tag?post=8448"}],"curies":[{"name":"wp","href":"https:\/\/api.w.org\/{rel}","templated":true}]}}