{"id":8462,"date":"2016-08-04T20:46:47","date_gmt":"2016-07-28T16:27:36","guid":{"rendered":"http:\/\/localhost\/jm2\/ca\/product\/protector-de-plastic-per-a-matalas-amb-ris\/"},"modified":"2023-08-31T09:46:22","modified_gmt":"2023-08-31T08:46:22","slug":"protector-colchon-rizo","status":"publish","type":"product","link":"https:\/\/josemestre.com\/ca\/producto\/protector-colchon-rizo\/","title":{"rendered":"PROTECTOR DE PL\u00c0STIC PER A MATAL\u00c0S AMB RIS &#8220;JOYA&#8221;"},"content":{"rendered":"","protected":false},"excerpt":{"rendered":"<p>Protector de pl\u00e0stic per a matalassos amb els extrems arrissats per a ajudar a la seva col\u00b7locaci\u00f3. Habitualment s&#8217;usa per a ajudes amb l&#8217;incontin\u00e8ncia urin\u00e0ria.<\/p>\n<p>En color blanc.<\/p>\n<p>Venda per unitats.<\/p>\n","protected":false},"featured_media":20197,"template":"","meta":[],"product_cat":[130,40,49,132,44],"product_tag":[],"_links":{"self":[{"href":"https:\/\/josemestre.com\/ca\/wp-json\/wp\/v2\/product\/8462"}],"collection":[{"href":"https:\/\/josemestre.com\/ca\/wp-json\/wp\/v2\/product"}],"about":[{"href":"https:\/\/josemestre.com\/ca\/wp-json\/wp\/v2\/types\/product"}],"wp:featuredmedia":[{"embeddable":true,"href":"https:\/\/josemestre.com\/ca\/wp-json\/wp\/v2\/media\/20197"}],"wp:attachment":[{"href":"https:\/\/josemestre.com\/ca\/wp-json\/wp\/v2\/media?parent=8462"}],"wp:term":[{"taxonomy":"product_cat","embeddable":true,"href":"https:\/\/josemestre.com\/ca\/wp-json\/wp\/v2\/product_cat?post=8462"},{"taxonomy":"product_tag","embeddable":true,"href":"https:\/\/josemestre.com\/ca\/wp-json\/wp\/v2\/product_tag?post=8462"}],"curies":[{"name":"wp","href":"https:\/\/api.w.org\/{rel}","templated":true}]}}