{"id":8501,"date":"2016-08-04T20:59:42","date_gmt":"2016-07-28T16:34:31","guid":{"rendered":"http:\/\/localhost\/jm2\/ca\/product\/saunes-de-plastic\/"},"modified":"2025-07-18T10:28:19","modified_gmt":"2025-07-18T09:28:19","slug":"saunes-de-plastic","status":"publish","type":"product","link":"https:\/\/josemestre.com\/ca\/producto\/saunes-de-plastic\/","title":{"rendered":"SAUNES DE PL\u00c0STIC &#8220;JOYA&#8221;"},"content":{"rendered":"","protected":false},"excerpt":{"rendered":"<p>Sauna de pl\u00e0stic que aporta calor al cos incrementant la seva transpiraci\u00f3 i d&#8217;aquesta manera ajudar a reduir la talla. En color blanc.<\/p>\n<p>Venda per unitats.<\/p>\n","protected":false},"featured_media":20650,"template":"","meta":[],"product_cat":[130,40,115,132,44],"product_tag":[],"_links":{"self":[{"href":"https:\/\/josemestre.com\/ca\/wp-json\/wp\/v2\/product\/8501"}],"collection":[{"href":"https:\/\/josemestre.com\/ca\/wp-json\/wp\/v2\/product"}],"about":[{"href":"https:\/\/josemestre.com\/ca\/wp-json\/wp\/v2\/types\/product"}],"wp:featuredmedia":[{"embeddable":true,"href":"https:\/\/josemestre.com\/ca\/wp-json\/wp\/v2\/media\/20650"}],"wp:attachment":[{"href":"https:\/\/josemestre.com\/ca\/wp-json\/wp\/v2\/media?parent=8501"}],"wp:term":[{"taxonomy":"product_cat","embeddable":true,"href":"https:\/\/josemestre.com\/ca\/wp-json\/wp\/v2\/product_cat?post=8501"},{"taxonomy":"product_tag","embeddable":true,"href":"https:\/\/josemestre.com\/ca\/wp-json\/wp\/v2\/product_tag?post=8501"}],"curies":[{"name":"wp","href":"https:\/\/api.w.org\/{rel}","templated":true}]}}