{"id":8535,"date":"2016-08-04T21:13:04","date_gmt":"2016-07-28T16:34:31","guid":{"rendered":"http:\/\/localhost\/jm2\/ca\/product\/turmellera-joya-elastic\/"},"modified":"2023-04-18T14:50:53","modified_gmt":"2023-04-18T13:50:53","slug":"turmellera-joya-elastic","status":"publish","type":"product","link":"https:\/\/josemestre.com\/ca\/producto\/turmellera-joya-elastic\/","title":{"rendered":"TURMELLERES &#8220;JOYA ELASTIC&#8221;"},"content":{"rendered":"","protected":false},"excerpt":{"rendered":"<p>Turmellera el\u00e0stica amb un disseny anat\u00f2mic.<\/p>\n<p>Apropiada per a esquin\u00e7os, inflamaci\u00f3 del tend\u00f3 d&#8217;Aquil\u00b7les, inflors per artritis o artrosis\u2026<\/p>\n<p>En color beix.<\/p>\n<p>Venda per unitats.<\/p>\n","protected":false},"featured_media":20072,"template":"","meta":[],"product_cat":[130,40,54,57,132,44],"product_tag":[],"_links":{"self":[{"href":"https:\/\/josemestre.com\/ca\/wp-json\/wp\/v2\/product\/8535"}],"collection":[{"href":"https:\/\/josemestre.com\/ca\/wp-json\/wp\/v2\/product"}],"about":[{"href":"https:\/\/josemestre.com\/ca\/wp-json\/wp\/v2\/types\/product"}],"wp:featuredmedia":[{"embeddable":true,"href":"https:\/\/josemestre.com\/ca\/wp-json\/wp\/v2\/media\/20072"}],"wp:attachment":[{"href":"https:\/\/josemestre.com\/ca\/wp-json\/wp\/v2\/media?parent=8535"}],"wp:term":[{"taxonomy":"product_cat","embeddable":true,"href":"https:\/\/josemestre.com\/ca\/wp-json\/wp\/v2\/product_cat?post=8535"},{"taxonomy":"product_tag","embeddable":true,"href":"https:\/\/josemestre.com\/ca\/wp-json\/wp\/v2\/product_tag?post=8535"}],"curies":[{"name":"wp","href":"https:\/\/api.w.org\/{rel}","templated":true}]}}